{"id":739,"date":"2020-07-18T22:38:26","date_gmt":"2020-07-18T22:38:26","guid":{"rendered":"https:\/\/danima.ch\/?page_id=739"},"modified":"2020-11-27T17:08:28","modified_gmt":"2020-11-27T17:08:28","slug":"mandalas","status":"publish","type":"page","link":"https:\/\/danima.ch\/index.php\/mandalas\/","title":{"rendered":"Mandalas"},"content":{"rendered":"\t\t<div data-elementor-type=\"wp-page\" data-elementor-id=\"739\" class=\"elementor elementor-739\">\n\t\t\t\t\t\t<section class=\"elementor-section elementor-top-section elementor-element elementor-element-2dcc75a0 elementor-section-stretched elementor-section-boxed elementor-section-height-default elementor-section-height-default\" data-id=\"2dcc75a0\" data-element_type=\"section\" data-settings=\"{&quot;background_background&quot;:&quot;classic&quot;,&quot;shape_divider_bottom&quot;:&quot;wave-brush&quot;,&quot;stretch_section&quot;:&quot;section-stretched&quot;}\">\n\t\t\t\t\t\t\t<div class=\"elementor-background-overlay\"><\/div>\n\t\t\t\t\t\t<div class=\"elementor-shape elementor-shape-bottom\" aria-hidden=\"true\" data-negative=\"false\">\n\t\t\t<svg xmlns=\"http:\/\/www.w3.org\/2000\/svg\" viewBox=\"0 0 283.5 27.8\" preserveAspectRatio=\"none\">\n\t<path class=\"elementor-shape-fill\" d=\"M283.5,9.7c0,0-7.3,4.3-14,4.6c-6.8,0.3-12.6,0-20.9-1.5c-11.3-2-33.1-10.1-44.7-5.7\ts-12.1,4.6-18,7.4c-6.6,3.2-20,9.6-36.6,9.3C131.6,23.5,99.5,7.2,86.3,8c-1.4,0.1-6.6,0.8-10.5,2c-3.8,1.2-9.4,3.8-17,4.7\tc-3.2,0.4-8.3,1.1-14.2,0.9c-1.5-0.1-6.3-0.4-12-1.6c-5.7-1.2-11-3.1-15.8-3.7C6.5,9.2,0,10.8,0,10.8V0h283.5V9.7z M260.8,11.3\tc-0.7-1-2-0.4-4.3-0.4c-2.3,0-6.1-1.2-5.8-1.1c0.3,0.1,3.1,1.5,6,1.9C259.7,12.2,261.4,12.3,260.8,11.3z M242.4,8.6\tc0,0-2.4-0.2-5.6-0.9c-3.2-0.8-10.3-2.8-15.1-3.5c-8.2-1.1-15.8,0-15.1,0.1c0.8,0.1,9.6-0.6,17.6,1.1c3.3,0.7,9.3,2.2,12.4,2.7\tC239.9,8.7,242.4,8.6,242.4,8.6z M185.2,8.5c1.7-0.7-13.3,4.7-18.5,6.1c-2.1,0.6-6.2,1.6-10,2c-3.9,0.4-8.9,0.4-8.8,0.5\tc0,0.2,5.8,0.8,11.2,0c5.4-0.8,5.2-1.1,7.6-1.6C170.5,14.7,183.5,9.2,185.2,8.5z M199.1,6.9c0.2,0-0.8-0.4-4.8,1.1\tc-4,1.5-6.7,3.5-6.9,3.7c-0.2,0.1,3.5-1.8,6.6-3C197,7.5,199,6.9,199.1,6.9z M283,6c-0.1,0.1-1.9,1.1-4.8,2.5s-6.9,2.8-6.7,2.7\tc0.2,0,3.5-0.6,7.4-2.5C282.8,6.8,283.1,5.9,283,6z M31.3,11.6c0.1-0.2-1.9-0.2-4.5-1.2s-5.4-1.6-7.8-2C15,7.6,7.3,8.5,7.7,8.6\tC8,8.7,15.9,8.3,20.2,9.3c2.2,0.5,2.4,0.5,5.7,1.6S31.2,11.9,31.3,11.6z M73,9.2c0.4-0.1,3.5-1.6,8.4-2.6c4.9-1.1,8.9-0.5,8.9-0.8\tc0-0.3-1-0.9-6.2-0.3S72.6,9.3,73,9.2z M71.6,6.7C71.8,6.8,75,5.4,77.3,5c2.3-0.3,1.9-0.5,1.9-0.6c0-0.1-1.1-0.2-2.7,0.2\tC74.8,5.1,71.4,6.6,71.6,6.7z M93.6,4.4c0.1,0.2,3.5,0.8,5.6,1.8c2.1,1,1.8,0.6,1.9,0.5c0.1-0.1-0.8-0.8-2.4-1.3\tC97.1,4.8,93.5,4.2,93.6,4.4z M65.4,11.1c-0.1,0.3,0.3,0.5,1.9-0.2s2.6-1.3,2.2-1.2s-0.9,0.4-2.5,0.8C65.3,10.9,65.5,10.8,65.4,11.1\tz M34.5,12.4c-0.2,0,2.1,0.8,3.3,0.9c1.2,0.1,2,0.1,2-0.2c0-0.3-0.1-0.5-1.6-0.4C36.6,12.8,34.7,12.4,34.5,12.4z M152.2,21.1\tc-0.1,0.1-2.4-0.3-7.5-0.3c-5,0-13.6-2.4-17.2-3.5c-3.6-1.1,10,3.9,16.5,4.1C150.5,21.6,152.3,21,152.2,21.1z\"\/>\n\t<path class=\"elementor-shape-fill\" d=\"M269.6,18c-0.1-0.1-4.6,0.3-7.2,0c-7.3-0.7-17-3.2-16.6-2.9c0.4,0.3,13.7,3.1,17,3.3\tC267.7,18.8,269.7,18,269.6,18z\"\/>\n\t<path class=\"elementor-shape-fill\" d=\"M227.4,9.8c-0.2-0.1-4.5-1-9.5-1.2c-5-0.2-12.7,0.6-12.3,0.5c0.3-0.1,5.9-1.8,13.3-1.2\tS227.6,9.9,227.4,9.8z\"\/>\n\t<path class=\"elementor-shape-fill\" d=\"M204.5,13.4c-0.1-0.1,2-1,3.2-1.1c1.2-0.1,2,0,2,0.3c0,0.3-0.1,0.5-1.6,0.4\tC206.4,12.9,204.6,13.5,204.5,13.4z\"\/>\n\t<path class=\"elementor-shape-fill\" d=\"M201,10.6c0-0.1-4.4,1.2-6.3,2.2c-1.9,0.9-6.2,3.1-6.1,3.1c0.1,0.1,4.2-1.6,6.3-2.6\tS201,10.7,201,10.6z\"\/>\n\t<path class=\"elementor-shape-fill\" d=\"M154.5,26.7c-0.1-0.1-4.6,0.3-7.2,0c-7.3-0.7-17-3.2-16.6-2.9c0.4,0.3,13.7,3.1,17,3.3\tC152.6,27.5,154.6,26.8,154.5,26.7z\"\/>\n\t<path class=\"elementor-shape-fill\" d=\"M41.9,19.3c0,0,1.2-0.3,2.9-0.1c1.7,0.2,5.8,0.9,8.2,0.7c4.2-0.4,7.4-2.7,7-2.6\tc-0.4,0-4.3,2.2-8.6,1.9c-1.8-0.1-5.1-0.5-6.7-0.4S41.9,19.3,41.9,19.3z\"\/>\n\t<path class=\"elementor-shape-fill\" d=\"M75.5,12.6c0.2,0.1,2-0.8,4.3-1.1c2.3-0.2,2.1-0.3,2.1-0.5c0-0.1-1.8-0.4-3.4,0\tC76.9,11.5,75.3,12.5,75.5,12.6z\"\/>\n\t<path class=\"elementor-shape-fill\" d=\"M15.6,13.2c0-0.1,4.3,0,6.7,0.5c2.4,0.5,5,1.9,5,2c0,0.1-2.7-0.8-5.1-1.4\tC19.9,13.7,15.7,13.3,15.6,13.2z\"\/>\n<\/svg>\t\t<\/div>\n\t\t\t\t\t<div class=\"elementor-container elementor-column-gap-no\">\n\t\t\t\t\t<div class=\"elementor-column elementor-col-100 elementor-top-column elementor-element elementor-element-7d1aef6a\" data-id=\"7d1aef6a\" data-element_type=\"column\">\n\t\t\t<div class=\"elementor-widget-wrap\">\n\t\t\t\t\t\t\t<\/div>\n\t\t<\/div>\n\t\t\t\t\t<\/div>\n\t\t<\/section>\n\t\t\t\t<section class=\"elementor-section elementor-top-section elementor-element elementor-element-960e271 elementor-section-boxed elementor-section-height-default elementor-section-height-default\" data-id=\"960e271\" data-element_type=\"section\">\n\t\t\t\t\t\t<div class=\"elementor-container elementor-column-gap-default\">\n\t\t\t\t\t<div class=\"elementor-column elementor-col-100 elementor-top-column elementor-element elementor-element-14c79b89\" data-id=\"14c79b89\" data-element_type=\"column\">\n\t\t\t<div class=\"elementor-widget-wrap\">\n\t\t\t\t\t\t\t<\/div>\n\t\t<\/div>\n\t\t\t\t\t<\/div>\n\t\t<\/section>\n\t\t\t\t<section class=\"elementor-section elementor-top-section elementor-element elementor-element-22204f50 elementor-section-boxed elementor-section-height-default elementor-section-height-default\" data-id=\"22204f50\" data-element_type=\"section\">\n\t\t\t\t\t\t<div class=\"elementor-container elementor-column-gap-default\">\n\t\t\t\t\t<div class=\"elementor-column elementor-col-100 elementor-top-column elementor-element elementor-element-2fdd23e0\" data-id=\"2fdd23e0\" data-element_type=\"column\">\n\t\t\t<div class=\"elementor-widget-wrap elementor-element-populated\">\n\t\t\t\t\t\t<div class=\"elementor-element elementor-element-567b2f79 elementor-widget elementor-widget-heading\" data-id=\"567b2f79\" data-element_type=\"widget\" data-widget_type=\"heading.default\">\n\t\t\t\t<div class=\"elementor-widget-container\">\n\t\t\t\t\t<h2 class=\"elementor-heading-title elementor-size-default\">Preise f\u00fcr fertige Mandalas<\/h2>\t\t\t\t<\/div>\n\t\t\t\t<\/div>\n\t\t\t\t<div class=\"elementor-element elementor-element-6a2db8fc elementor-widget elementor-widget-text-editor\" data-id=\"6a2db8fc\" data-element_type=\"widget\" data-widget_type=\"text-editor.default\">\n\t\t\t\t<div class=\"elementor-widget-container\">\n\t\t\t\t\t\t\t\t\t<h5>QIEM Quantum Intuitiv Energetisch Mandala<\/h5><p>24x30cm CHF 157<br \/>30x30cm CHF 187<br \/>40x40cm CHF 227<br \/>100x120cm CHF 1007<\/p><p>Bestandsverf\u00fcgbarkeit anfordern<\/p>\t\t\t\t\t\t\t\t<\/div>\n\t\t\t\t<\/div>\n\t\t\t\t\t<\/div>\n\t\t<\/div>\n\t\t\t\t\t<\/div>\n\t\t<\/section>\n\t\t\t\t<section class=\"elementor-section elementor-top-section elementor-element elementor-element-e43042c elementor-section-boxed elementor-section-height-default elementor-section-height-default\" data-id=\"e43042c\" data-element_type=\"section\">\n\t\t\t\t\t\t<div class=\"elementor-container elementor-column-gap-default\">\n\t\t\t\t\t<div class=\"elementor-column elementor-col-100 elementor-top-column elementor-element elementor-element-1037cdd0\" data-id=\"1037cdd0\" data-element_type=\"column\">\n\t\t\t<div class=\"elementor-widget-wrap elementor-element-populated\">\n\t\t\t\t\t\t<div class=\"elementor-element elementor-element-61c478ee elementor-widget elementor-widget-heading\" data-id=\"61c478ee\" data-element_type=\"widget\" data-widget_type=\"heading.default\">\n\t\t\t\t<div class=\"elementor-widget-container\">\n\t\t\t\t\t<h2 class=\"elementor-heading-title elementor-size-default\">Preise f\u00fcr personalisierte Mandalas<\/h2>\t\t\t\t<\/div>\n\t\t\t\t<\/div>\n\t\t\t\t<div class=\"elementor-element elementor-element-33781508 elementor-widget elementor-widget-text-editor\" data-id=\"33781508\" data-element_type=\"widget\" data-widget_type=\"text-editor.default\">\n\t\t\t\t<div class=\"elementor-widget-container\">\n\t\t\t\t\t\t\t\t\t<h5>Bestellen Sie Ihr pers\u00f6nliches Mandala\u00a0<\/h5>\t\t\t\t\t\t\t\t<\/div>\n\t\t\t\t<\/div>\n\t\t\t\t<div class=\"elementor-element elementor-element-598876ee elementor-align-center elementor-widget elementor-widget-button\" data-id=\"598876ee\" data-element_type=\"widget\" data-widget_type=\"button.default\">\n\t\t\t\t<div class=\"elementor-widget-container\">\n\t\t\t\t\t\t\t\t\t<div class=\"elementor-button-wrapper\">\n\t\t\t\t\t<a class=\"elementor-button elementor-button-link elementor-size-sm\" href=\"https:\/\/api.whatsapp.com\/send?1=pt_BR&#038;phone=41782060403\">\n\t\t\t\t\t\t<span class=\"elementor-button-content-wrapper\">\n\t\t\t\t\t\t<span class=\"elementor-button-icon\">\n\t\t\t\t<i aria-hidden=\"true\" class=\"fab fa-whatsapp\"><\/i>\t\t\t<\/span>\n\t\t\t\t\t\t\t\t\t<span class=\"elementor-button-text\">Whatsapp Bestellung\/Beratung<\/span>\n\t\t\t\t\t<\/span>\n\t\t\t\t\t<\/a>\n\t\t\t\t<\/div>\n\t\t\t\t\t\t\t\t<\/div>\n\t\t\t\t<\/div>\n\t\t\t\t\t<\/div>\n\t\t<\/div>\n\t\t\t\t\t<\/div>\n\t\t<\/section>\n\t\t\t\t<\/div>\n\t\t","protected":false},"excerpt":{"rendered":"<p>Mandalas Personalisierte Bilder f\u00fcr jeden Bedarf. Einige Modelle sind bereits hergestellt und sind f\u00fcr Besichtigung und Kauf verf\u00fcgbar. Fordern Sie Ihr pers\u00f6nliches Mandala-Bild an, welches zu Ihren Bed\u00fcrfnissen und zu Ihrem Ausgleich passt oder Fragen Sie nach einer unverbindlichen Beratung. Preise f\u00fcr fertige Mandalas QIEM Quantum Intuitiv Energetisch Mandala 24x30cm CHF 15730x30cm CHF 18740x40cm CHF [&hellip;]<\/p>\n","protected":false},"author":1,"featured_media":0,"parent":0,"menu_order":0,"comment_status":"closed","ping_status":"closed","template":"","meta":{"footnotes":""},"class_list":["post-739","page","type-page","status-publish","hentry"],"yoast_head":"<!-- This site is optimized with the Yoast SEO plugin v26.4 - https:\/\/yoast.com\/wordpress\/plugins\/seo\/ -->\n<title>Mandalas &#8902; Daniela Nogueira<\/title>\n<meta name=\"robots\" content=\"index, follow, max-snippet:-1, max-image-preview:large, max-video-preview:-1\" \/>\n<link rel=\"canonical\" href=\"https:\/\/danima.ch\/index.php\/mandalas\/\" \/>\n<meta property=\"og:locale\" content=\"pt_BR\" \/>\n<meta property=\"og:type\" content=\"article\" \/>\n<meta property=\"og:title\" content=\"Mandalas &#8902; Daniela Nogueira\" \/>\n<meta property=\"og:description\" content=\"Mandalas Personalisierte Bilder f\u00fcr jeden Bedarf. Einige Modelle sind bereits hergestellt und sind f\u00fcr Besichtigung und Kauf verf\u00fcgbar. Fordern Sie Ihr pers\u00f6nliches Mandala-Bild an, welches zu Ihren Bed\u00fcrfnissen und zu Ihrem Ausgleich passt oder Fragen Sie nach einer unverbindlichen Beratung. Preise f\u00fcr fertige Mandalas QIEM Quantum Intuitiv Energetisch Mandala 24x30cm CHF 15730x30cm CHF 18740x40cm CHF [&hellip;]\" \/>\n<meta property=\"og:url\" content=\"https:\/\/danima.ch\/index.php\/mandalas\/\" \/>\n<meta property=\"og:site_name\" content=\"Daniela Nogueira\" \/>\n<meta property=\"article:publisher\" content=\"https:\/\/www.facebook.com\/danimadaniela\" \/>\n<meta property=\"article:modified_time\" content=\"2020-11-27T17:08:28+00:00\" \/>\n<meta name=\"twitter:card\" content=\"summary_large_image\" \/>\n<script type=\"application\/ld+json\" class=\"yoast-schema-graph\">{\"@context\":\"https:\/\/schema.org\",\"@graph\":[{\"@type\":\"WebPage\",\"@id\":\"https:\/\/danima.ch\/index.php\/mandalas\/\",\"url\":\"https:\/\/danima.ch\/index.php\/mandalas\/\",\"name\":\"Mandalas &#8902; Daniela Nogueira\",\"isPartOf\":{\"@id\":\"https:\/\/danima.ch\/#website\"},\"datePublished\":\"2020-07-18T22:38:26+00:00\",\"dateModified\":\"2020-11-27T17:08:28+00:00\",\"breadcrumb\":{\"@id\":\"https:\/\/danima.ch\/index.php\/mandalas\/#breadcrumb\"},\"inLanguage\":\"pt-BR\",\"potentialAction\":[{\"@type\":\"ReadAction\",\"target\":[\"https:\/\/danima.ch\/index.php\/mandalas\/\"]}]},{\"@type\":\"BreadcrumbList\",\"@id\":\"https:\/\/danima.ch\/index.php\/mandalas\/#breadcrumb\",\"itemListElement\":[{\"@type\":\"ListItem\",\"position\":1,\"name\":\"In\u00edcio\",\"item\":\"https:\/\/danima.ch\/\"},{\"@type\":\"ListItem\",\"position\":2,\"name\":\"Mandalas\"}]},{\"@type\":\"WebSite\",\"@id\":\"https:\/\/danima.ch\/#website\",\"url\":\"https:\/\/danima.ch\/\",\"name\":\"Danima\",\"description\":\"Just another WordPress site\",\"publisher\":{\"@id\":\"https:\/\/danima.ch\/#organization\"},\"potentialAction\":[{\"@type\":\"SearchAction\",\"target\":{\"@type\":\"EntryPoint\",\"urlTemplate\":\"https:\/\/danima.ch\/?s={search_term_string}\"},\"query-input\":{\"@type\":\"PropertyValueSpecification\",\"valueRequired\":true,\"valueName\":\"search_term_string\"}}],\"inLanguage\":\"pt-BR\"},{\"@type\":\"Organization\",\"@id\":\"https:\/\/danima.ch\/#organization\",\"name\":\"Danima\",\"url\":\"https:\/\/danima.ch\/\",\"logo\":{\"@type\":\"ImageObject\",\"inLanguage\":\"pt-BR\",\"@id\":\"https:\/\/danima.ch\/#\/schema\/logo\/image\/\",\"url\":\"https:\/\/danima.ch\/wp-content\/uploads\/2020\/10\/0244b343-9a7b-45e6-9c37-59adc9495f06.jpg\",\"contentUrl\":\"https:\/\/danima.ch\/wp-content\/uploads\/2020\/10\/0244b343-9a7b-45e6-9c37-59adc9495f06.jpg\",\"width\":2048,\"height\":1941,\"caption\":\"Danima\"},\"image\":{\"@id\":\"https:\/\/danima.ch\/#\/schema\/logo\/image\/\"},\"sameAs\":[\"https:\/\/www.facebook.com\/danimadaniela\",\"https:\/\/www.youtube.com\/channel\/UC2fPXc9u56Dqv0eNhI0A0vA\"]}]}<\/script>\n<!-- \/ Yoast SEO plugin. -->","yoast_head_json":{"title":"Mandalas &#8902; Daniela Nogueira","robots":{"index":"index","follow":"follow","max-snippet":"max-snippet:-1","max-image-preview":"max-image-preview:large","max-video-preview":"max-video-preview:-1"},"canonical":"https:\/\/danima.ch\/index.php\/mandalas\/","og_locale":"pt_BR","og_type":"article","og_title":"Mandalas &#8902; Daniela Nogueira","og_description":"Mandalas Personalisierte Bilder f\u00fcr jeden Bedarf. Einige Modelle sind bereits hergestellt und sind f\u00fcr Besichtigung und Kauf verf\u00fcgbar. Fordern Sie Ihr pers\u00f6nliches Mandala-Bild an, welches zu Ihren Bed\u00fcrfnissen und zu Ihrem Ausgleich passt oder Fragen Sie nach einer unverbindlichen Beratung. Preise f\u00fcr fertige Mandalas QIEM Quantum Intuitiv Energetisch Mandala 24x30cm CHF 15730x30cm CHF 18740x40cm CHF [&hellip;]","og_url":"https:\/\/danima.ch\/index.php\/mandalas\/","og_site_name":"Daniela Nogueira","article_publisher":"https:\/\/www.facebook.com\/danimadaniela","article_modified_time":"2020-11-27T17:08:28+00:00","twitter_card":"summary_large_image","schema":{"@context":"https:\/\/schema.org","@graph":[{"@type":"WebPage","@id":"https:\/\/danima.ch\/index.php\/mandalas\/","url":"https:\/\/danima.ch\/index.php\/mandalas\/","name":"Mandalas &#8902; Daniela Nogueira","isPartOf":{"@id":"https:\/\/danima.ch\/#website"},"datePublished":"2020-07-18T22:38:26+00:00","dateModified":"2020-11-27T17:08:28+00:00","breadcrumb":{"@id":"https:\/\/danima.ch\/index.php\/mandalas\/#breadcrumb"},"inLanguage":"pt-BR","potentialAction":[{"@type":"ReadAction","target":["https:\/\/danima.ch\/index.php\/mandalas\/"]}]},{"@type":"BreadcrumbList","@id":"https:\/\/danima.ch\/index.php\/mandalas\/#breadcrumb","itemListElement":[{"@type":"ListItem","position":1,"name":"In\u00edcio","item":"https:\/\/danima.ch\/"},{"@type":"ListItem","position":2,"name":"Mandalas"}]},{"@type":"WebSite","@id":"https:\/\/danima.ch\/#website","url":"https:\/\/danima.ch\/","name":"Danima","description":"Just another WordPress site","publisher":{"@id":"https:\/\/danima.ch\/#organization"},"potentialAction":[{"@type":"SearchAction","target":{"@type":"EntryPoint","urlTemplate":"https:\/\/danima.ch\/?s={search_term_string}"},"query-input":{"@type":"PropertyValueSpecification","valueRequired":true,"valueName":"search_term_string"}}],"inLanguage":"pt-BR"},{"@type":"Organization","@id":"https:\/\/danima.ch\/#organization","name":"Danima","url":"https:\/\/danima.ch\/","logo":{"@type":"ImageObject","inLanguage":"pt-BR","@id":"https:\/\/danima.ch\/#\/schema\/logo\/image\/","url":"https:\/\/danima.ch\/wp-content\/uploads\/2020\/10\/0244b343-9a7b-45e6-9c37-59adc9495f06.jpg","contentUrl":"https:\/\/danima.ch\/wp-content\/uploads\/2020\/10\/0244b343-9a7b-45e6-9c37-59adc9495f06.jpg","width":2048,"height":1941,"caption":"Danima"},"image":{"@id":"https:\/\/danima.ch\/#\/schema\/logo\/image\/"},"sameAs":["https:\/\/www.facebook.com\/danimadaniela","https:\/\/www.youtube.com\/channel\/UC2fPXc9u56Dqv0eNhI0A0vA"]}]}},"_links":{"self":[{"href":"https:\/\/danima.ch\/index.php\/wp-json\/wp\/v2\/pages\/739","targetHints":{"allow":["GET"]}}],"collection":[{"href":"https:\/\/danima.ch\/index.php\/wp-json\/wp\/v2\/pages"}],"about":[{"href":"https:\/\/danima.ch\/index.php\/wp-json\/wp\/v2\/types\/page"}],"author":[{"embeddable":true,"href":"https:\/\/danima.ch\/index.php\/wp-json\/wp\/v2\/users\/1"}],"replies":[{"embeddable":true,"href":"https:\/\/danima.ch\/index.php\/wp-json\/wp\/v2\/comments?post=739"}],"version-history":[{"count":9,"href":"https:\/\/danima.ch\/index.php\/wp-json\/wp\/v2\/pages\/739\/revisions"}],"predecessor-version":[{"id":989,"href":"https:\/\/danima.ch\/index.php\/wp-json\/wp\/v2\/pages\/739\/revisions\/989"}],"wp:attachment":[{"href":"https:\/\/danima.ch\/index.php\/wp-json\/wp\/v2\/media?parent=739"}],"curies":[{"name":"wp","href":"https:\/\/api.w.org\/{rel}","templated":true}]}}